{"id":10221,"date":"2021-11-17T22:50:58","date_gmt":"2021-11-23T12:38:47","guid":{"rendered":"https:\/\/markouservice.gr\/product\/spare-braun-shaver-head-braun-silk-epil\/"},"modified":"2024-06-19T15:44:42","modified_gmt":"2024-06-19T12:44:42","slug":"spare-mesh-head-shaver-9","status":"publish","type":"product","link":"https:\/\/markouservice.gr\/en\/product\/spare-mesh-head-shaver-9\/","title":{"rendered":"Spare Braun \/ Shaver Head Braun Silk Epil"},"content":{"rendered":"<div id=\"description\" class=\"tab-pane active\" role=\"tabpanel\">\n<div class=\"block-content\">\n<p>Suitable for Braun Silk-\u00e9pil 7, Silk-\u00e9pil 7 SkinSpa, Silk-\u00e9pil 7 Dual, Silk-\u00e9pil 5 devices. No manufacturer warranty.<\/p>\n<\/div>\n<\/div>\n<div id=\"shipping_preview\" class=\"tab-pane\" role=\"tabpanel\">\n<div class=\"block-content\"><\/div>\n<\/div>\n","protected":false},"excerpt":{"rendered":"<div class=\"product-overview\">\n<div class=\"overview-content\">\n<p>Spare mesh \/ shaver head Braun Silk epil<\/p>\n<\/div>\n<\/div>\n<div class=\"product-overview\">\n<div class=\"overview-content\">\n<p><strong>Suitable for:<\/strong>Silk-\u00e9pil 7, Silk-\u00e9pil 7 SkinSpa, Silk-\u00e9pil 7 Dual, Silk-\u00e9pil 5.<\/p>\n<\/div>\n<\/div>\n","protected":false},"featured_media":10043,"comment_status":"open","ping_status":"closed","template":"","meta":{"_acf_changed":false},"product_brand":[102],"product_cat":[282],"product_tag":[535],"class_list":{"0":"post-10221","1":"product","2":"type-product","3":"status-publish","4":"has-post-thumbnail","6":"product_brand-braun","7":"product_cat-hair-trimming-devices","8":"product_tag-apotrichotiki-braun-en","10":"first","11":"onbackorder","12":"taxable","13":"shipping-taxable","14":"purchasable","15":"product-type-simple"},"acf":[],"_links":{"self":[{"href":"https:\/\/markouservice.gr\/en\/wp-json\/wp\/v2\/product\/10221","targetHints":{"allow":["GET"]}}],"collection":[{"href":"https:\/\/markouservice.gr\/en\/wp-json\/wp\/v2\/product"}],"about":[{"href":"https:\/\/markouservice.gr\/en\/wp-json\/wp\/v2\/types\/product"}],"replies":[{"embeddable":true,"href":"https:\/\/markouservice.gr\/en\/wp-json\/wp\/v2\/comments?post=10221"}],"wp:featuredmedia":[{"embeddable":true,"href":"https:\/\/markouservice.gr\/en\/wp-json\/wp\/v2\/media\/10043"}],"wp:attachment":[{"href":"https:\/\/markouservice.gr\/en\/wp-json\/wp\/v2\/media?parent=10221"}],"wp:term":[{"taxonomy":"product_brand","embeddable":true,"href":"https:\/\/markouservice.gr\/en\/wp-json\/wp\/v2\/product_brand?post=10221"},{"taxonomy":"product_cat","embeddable":true,"href":"https:\/\/markouservice.gr\/en\/wp-json\/wp\/v2\/product_cat?post=10221"},{"taxonomy":"product_tag","embeddable":true,"href":"https:\/\/markouservice.gr\/en\/wp-json\/wp\/v2\/product_tag?post=10221"}],"curies":[{"name":"wp","href":"https:\/\/api.w.org\/{rel}","templated":true}]}}